









{"id":13519,"date":"2025-11-06T11:21:37","date_gmt":"2025-11-06T09:21:37","guid":{"rendered":"https:\/\/skiclubpaysrochois.com\/blog\/?post_type=product&#038;p=13519"},"modified":"2025-11-29T17:53:54","modified_gmt":"2025-11-29T15:53:54","slug":"veste-sans-manche","status":"publish","type":"product","link":"https:\/\/skiclubpaysrochois.com\/blog\/produit\/veste-sans-manche\/","title":{"rendered":"Veste sans manche"},"content":{"rendered":"<p>Mod\u00e8le Craft ADV NORDIC SKI CLUB VEST<\/p>\n<ul>\n<li class=\"p1\">Avant matelass\u00e9 et rembourr\u00e9 pour plus de chaleur et de confort.<\/li>\n<li class=\"p1\">60 coussins GSM.<\/li>\n<li class=\"p1\">Tissu 3 couches r\u00e9sistant au vent et \u00e0 l\u2019eau sur les \u00e9paules et les c\u00f4t\u00e9s.<\/li>\n<li class=\"p1\">Jersey bross\u00e9 doux au dos pour un transport de chaleur et d\u2019humidit\u00e9.<\/li>\n<li class=\"p1\">Poches lat\u00e9rales avec fermeture \u00e9clair.<\/li>\n<li class=\"p1\">Poche plaqu\u00e9e sur la poitrine avec fermeture \u00e9clair dissimul\u00e9e.<\/li>\n<li class=\"p1\">Col int\u00e9rieur en jersey bross\u00e9 doux pour plus de confort.<\/li>\n<\/ul>\n","protected":false},"excerpt":{"rendered":"<p>Veste sans manche d&rsquo;entra\u00eenement<\/p>\n","protected":false},"featured_media":13554,"template":"","meta":[],"product_brand":[],"product_cat":[80,51],"product_tag":[],"class_list":{"0":"post-13519","1":"product","2":"type-product","3":"status-publish","4":"has-post-thumbnail","6":"product_cat-ski","7":"product_cat-vetements","9":"first","10":"instock","11":"shipping-taxable","12":"purchasable","13":"product-type-variable","14":"has-default-attributes"},"_links":{"self":[{"href":"https:\/\/skiclubpaysrochois.com\/blog\/wp-json\/wp\/v2\/product\/13519","targetHints":{"allow":["GET"]}}],"collection":[{"href":"https:\/\/skiclubpaysrochois.com\/blog\/wp-json\/wp\/v2\/product"}],"about":[{"href":"https:\/\/skiclubpaysrochois.com\/blog\/wp-json\/wp\/v2\/types\/product"}],"wp:featuredmedia":[{"embeddable":true,"href":"https:\/\/skiclubpaysrochois.com\/blog\/wp-json\/wp\/v2\/media\/13554"}],"wp:attachment":[{"href":"https:\/\/skiclubpaysrochois.com\/blog\/wp-json\/wp\/v2\/media?parent=13519"}],"wp:term":[{"taxonomy":"product_brand","embeddable":true,"href":"https:\/\/skiclubpaysrochois.com\/blog\/wp-json\/wp\/v2\/product_brand?post=13519"},{"taxonomy":"product_cat","embeddable":true,"href":"https:\/\/skiclubpaysrochois.com\/blog\/wp-json\/wp\/v2\/product_cat?post=13519"},{"taxonomy":"product_tag","embeddable":true,"href":"https:\/\/skiclubpaysrochois.com\/blog\/wp-json\/wp\/v2\/product_tag?post=13519"}],"curies":[{"name":"wp","href":"https:\/\/api.w.org\/{rel}","templated":true}]}}