









{"id":12768,"date":"2024-11-06T20:06:13","date_gmt":"2024-11-06T18:06:13","guid":{"rendered":"https:\/\/skiclubpaysrochois.com\/blog\/?post_type=product&#038;p=12768"},"modified":"2025-11-04T19:01:55","modified_gmt":"2025-11-04T17:01:55","slug":"toko-hp-rouge-u16","status":"publish","type":"product","link":"https:\/\/skiclubpaysrochois.com\/blog\/produit\/toko-hp-rouge-u16\/","title":{"rendered":"Toko HP universel (U16+)"},"content":{"rendered":"<p>Fart comp\u00e9tition Toko High Performance universel (2\/-16\u00b0) &#8211; 40g ou 120g<\/p>\n<p>Fart autoris\u00e9 \u00e0 partir de la cat\u00e9gorie U16<\/p>\n","protected":false},"excerpt":{"rendered":"<p>Toko HP univ 40g ou 120g<\/p>\n","protected":false},"featured_media":12771,"template":"","meta":[],"product_brand":[],"product_cat":[103],"product_tag":[],"class_list":{"0":"post-12768","1":"product","2":"type-product","3":"status-publish","4":"has-post-thumbnail","6":"product_cat-farts","8":"first","9":"instock","10":"shipping-taxable","11":"purchasable","12":"product-type-variable"},"_links":{"self":[{"href":"https:\/\/skiclubpaysrochois.com\/blog\/wp-json\/wp\/v2\/product\/12768","targetHints":{"allow":["GET"]}}],"collection":[{"href":"https:\/\/skiclubpaysrochois.com\/blog\/wp-json\/wp\/v2\/product"}],"about":[{"href":"https:\/\/skiclubpaysrochois.com\/blog\/wp-json\/wp\/v2\/types\/product"}],"wp:featuredmedia":[{"embeddable":true,"href":"https:\/\/skiclubpaysrochois.com\/blog\/wp-json\/wp\/v2\/media\/12771"}],"wp:attachment":[{"href":"https:\/\/skiclubpaysrochois.com\/blog\/wp-json\/wp\/v2\/media?parent=12768"}],"wp:term":[{"taxonomy":"product_brand","embeddable":true,"href":"https:\/\/skiclubpaysrochois.com\/blog\/wp-json\/wp\/v2\/product_brand?post=12768"},{"taxonomy":"product_cat","embeddable":true,"href":"https:\/\/skiclubpaysrochois.com\/blog\/wp-json\/wp\/v2\/product_cat?post=12768"},{"taxonomy":"product_tag","embeddable":true,"href":"https:\/\/skiclubpaysrochois.com\/blog\/wp-json\/wp\/v2\/product_tag?post=12768"}],"curies":[{"name":"wp","href":"https:\/\/api.w.org\/{rel}","templated":true}]}}