









{"id":12766,"date":"2024-11-06T13:13:20","date_gmt":"2024-11-06T11:13:20","guid":{"rendered":"https:\/\/skiclubpaysrochois.com\/blog\/?post_type=product&#038;p=12766"},"modified":"2025-11-04T19:14:59","modified_gmt":"2025-11-04T17:14:59","slug":"fluorclean-500ml","status":"publish","type":"product","link":"https:\/\/skiclubpaysrochois.com\/blog\/produit\/fluorclean-500ml\/","title":{"rendered":"Fluorclean 500mL"},"content":{"rendered":"<p>Fluorclean pour nettoyer la semelle du ski (zone de glisse)<\/p>\n<ul>\n<li>Marque Rode (ou autre selon dispo) : recommand\u00e9 pour l&rsquo;entretien g\u00e9n\u00e9ral<\/li>\n<li>Marque Toko : obligatoire avant le dernier fartage des courses nationales fond (U16+)<\/li>\n<\/ul>\n","protected":false},"excerpt":{"rendered":"<p>Fluorclean 500mL<\/p>\n","protected":false},"featured_media":12767,"template":"","meta":[],"product_brand":[],"product_cat":[102,103],"product_tag":[],"class_list":{"0":"post-12766","1":"product","2":"type-product","3":"status-publish","4":"has-post-thumbnail","6":"product_cat-fart-accessoires","7":"product_cat-farts","9":"first","10":"instock","11":"shipping-taxable","12":"purchasable","13":"product-type-variable"},"_links":{"self":[{"href":"https:\/\/skiclubpaysrochois.com\/blog\/wp-json\/wp\/v2\/product\/12766","targetHints":{"allow":["GET"]}}],"collection":[{"href":"https:\/\/skiclubpaysrochois.com\/blog\/wp-json\/wp\/v2\/product"}],"about":[{"href":"https:\/\/skiclubpaysrochois.com\/blog\/wp-json\/wp\/v2\/types\/product"}],"wp:featuredmedia":[{"embeddable":true,"href":"https:\/\/skiclubpaysrochois.com\/blog\/wp-json\/wp\/v2\/media\/12767"}],"wp:attachment":[{"href":"https:\/\/skiclubpaysrochois.com\/blog\/wp-json\/wp\/v2\/media?parent=12766"}],"wp:term":[{"taxonomy":"product_brand","embeddable":true,"href":"https:\/\/skiclubpaysrochois.com\/blog\/wp-json\/wp\/v2\/product_brand?post=12766"},{"taxonomy":"product_cat","embeddable":true,"href":"https:\/\/skiclubpaysrochois.com\/blog\/wp-json\/wp\/v2\/product_cat?post=12766"},{"taxonomy":"product_tag","embeddable":true,"href":"https:\/\/skiclubpaysrochois.com\/blog\/wp-json\/wp\/v2\/product_tag?post=12766"}],"curies":[{"name":"wp","href":"https:\/\/api.w.org\/{rel}","templated":true}]}}