









{"id":11744,"date":"2023-11-07T23:37:21","date_gmt":"2023-11-07T21:37:21","guid":{"rendered":"https:\/\/skiclubpaysrochois.com\/blog\/?post_type=product&#038;p=11744"},"modified":"2025-11-04T18:59:50","modified_gmt":"2025-11-04T16:59:50","slug":"maplus-gm-base-med-u16","status":"publish","type":"product","link":"https:\/\/skiclubpaysrochois.com\/blog\/produit\/maplus-gm-base-med-u16\/","title":{"rendered":"Maplus GM Base Med (U16+)"},"content":{"rendered":"<p>Fart comp\u00e9tition Maplus GM Base Med (-2\/-9\u00b0) &#8211; 100g ou 250g<\/p>\n<p>Fart autoris\u00e9 \u00e0 partir de la cat\u00e9gorie U16<\/p>\n","protected":false},"excerpt":{"rendered":"<p>Maplus GM Base Med<\/p>\n","protected":false},"featured_media":11745,"template":"","meta":[],"product_brand":[],"product_cat":[103],"product_tag":[],"class_list":{"0":"post-11744","1":"product","2":"type-product","3":"status-publish","4":"has-post-thumbnail","6":"product_cat-farts","8":"first","9":"instock","10":"shipping-taxable","11":"purchasable","12":"product-type-variable"},"_links":{"self":[{"href":"https:\/\/skiclubpaysrochois.com\/blog\/wp-json\/wp\/v2\/product\/11744","targetHints":{"allow":["GET"]}}],"collection":[{"href":"https:\/\/skiclubpaysrochois.com\/blog\/wp-json\/wp\/v2\/product"}],"about":[{"href":"https:\/\/skiclubpaysrochois.com\/blog\/wp-json\/wp\/v2\/types\/product"}],"wp:featuredmedia":[{"embeddable":true,"href":"https:\/\/skiclubpaysrochois.com\/blog\/wp-json\/wp\/v2\/media\/11745"}],"wp:attachment":[{"href":"https:\/\/skiclubpaysrochois.com\/blog\/wp-json\/wp\/v2\/media?parent=11744"}],"wp:term":[{"taxonomy":"product_brand","embeddable":true,"href":"https:\/\/skiclubpaysrochois.com\/blog\/wp-json\/wp\/v2\/product_brand?post=11744"},{"taxonomy":"product_cat","embeddable":true,"href":"https:\/\/skiclubpaysrochois.com\/blog\/wp-json\/wp\/v2\/product_cat?post=11744"},{"taxonomy":"product_tag","embeddable":true,"href":"https:\/\/skiclubpaysrochois.com\/blog\/wp-json\/wp\/v2\/product_tag?post=11744"}],"curies":[{"name":"wp","href":"https:\/\/api.w.org\/{rel}","templated":true}]}}