









{"id":11184,"date":"2023-06-13T19:36:39","date_gmt":"2023-06-13T17:36:39","guid":{"rendered":"https:\/\/skiclubpaysrochois.com\/blog\/?post_type=product&#038;p=11184"},"modified":"2023-10-19T09:30:57","modified_gmt":"2023-10-19T07:30:57","slug":"ski-roues-cl-occasion","status":"publish","type":"product","link":"https:\/\/skiclubpaysrochois.com\/blog\/produit\/ski-roues-cl-occasion\/","title":{"rendered":"Ski-roues CL Inovik"},"content":{"rendered":"<p>Ski-roues CL Inovik 500 avec fixation Rottefella<\/p>\n<p>Avec sa poutre en aluminium et sa fixation Rottefella, la paire de ski roues classique 500 est l\u00e9g\u00e8re et performante. Elle permet de prolonger les sensations de la glisse en \u00e9t\u00e9.<\/p>\n<p><span style=\"color: #ff0000;\"><strong>Mod\u00e8le occasion<\/strong><\/span> : vendu en l&rsquo;\u00e9tat<\/p>\n","protected":false},"excerpt":{"rendered":"<p>Ski-roues CL Inovik<\/p>\n","protected":false},"featured_media":11189,"template":"","meta":[],"product_brand":[],"product_cat":[95,96],"product_tag":[101,99],"class_list":{"0":"post-11184","1":"product","2":"type-product","3":"status-publish","4":"has-post-thumbnail","6":"product_cat-materiel","7":"product_cat-ski-roues","8":"product_tag-inovik","9":"product_tag-occasion","11":"first","12":"instock","13":"shipping-taxable","14":"purchasable","15":"product-type-simple"},"_links":{"self":[{"href":"https:\/\/skiclubpaysrochois.com\/blog\/wp-json\/wp\/v2\/product\/11184","targetHints":{"allow":["GET"]}}],"collection":[{"href":"https:\/\/skiclubpaysrochois.com\/blog\/wp-json\/wp\/v2\/product"}],"about":[{"href":"https:\/\/skiclubpaysrochois.com\/blog\/wp-json\/wp\/v2\/types\/product"}],"wp:featuredmedia":[{"embeddable":true,"href":"https:\/\/skiclubpaysrochois.com\/blog\/wp-json\/wp\/v2\/media\/11189"}],"wp:attachment":[{"href":"https:\/\/skiclubpaysrochois.com\/blog\/wp-json\/wp\/v2\/media?parent=11184"}],"wp:term":[{"taxonomy":"product_brand","embeddable":true,"href":"https:\/\/skiclubpaysrochois.com\/blog\/wp-json\/wp\/v2\/product_brand?post=11184"},{"taxonomy":"product_cat","embeddable":true,"href":"https:\/\/skiclubpaysrochois.com\/blog\/wp-json\/wp\/v2\/product_cat?post=11184"},{"taxonomy":"product_tag","embeddable":true,"href":"https:\/\/skiclubpaysrochois.com\/blog\/wp-json\/wp\/v2\/product_tag?post=11184"}],"curies":[{"name":"wp","href":"https:\/\/api.w.org\/{rel}","templated":true}]}}