









{"id":11156,"date":"2023-06-09T19:52:38","date_gmt":"2023-06-09T17:52:38","guid":{"rendered":"https:\/\/skiclubpaysrochois.com\/blog\/?post_type=product&#038;p=11156"},"modified":"2025-09-13T20:06:39","modified_gmt":"2025-09-13T18:06:39","slug":"ski-roues-sk-nordeex","status":"publish","type":"product","link":"https:\/\/skiclubpaysrochois.com\/blog\/produit\/ski-roues-sk-nordeex\/","title":{"rendered":"Ski-roues SK Nordeex"},"content":{"rendered":"<p>Ski-roues SK Nordeex Snowfeeling avec fixation Prolink<\/p>\n<p>Le mod\u00e8le\u00a0SNOW FEELING\u00a0SKATING 610 BLACK\u00a0poss\u00e8de une poutre monobloc surbaiss\u00e9e en aluminium sp\u00e9cialement con\u00e7ue pour r\u00e9pondre aux exigences des meilleurs athl\u00e8tes mais aussi, aux attentes\u00a0en termes de stabilit\u00e9, confort et s\u00e9curit\u00e9, d\u2019un d\u00e9butant.<\/p>\n<p>Diff\u00e9rents types de roues :<\/p>\n<ul>\n<li>noires : roues les \u00ab\u00a0moins lentes\u00a0\u00bb (utilis\u00e9es par le club)<\/li>\n<li>grises : roues interm\u00e9diaires<\/li>\n<li>bleues : roues les plus lentes<\/li>\n<\/ul>\n<p>Taille :<\/p>\n<ul>\n<li>610 : taille standard (utilis\u00e9e pour toutes les cat\u00e9gories)<\/li>\n<li>530 : petite taille (pour les plus petits)<\/li>\n<\/ul>\n","protected":false},"excerpt":{"rendered":"<p>Ski-roues SK Nordeex<\/p>\n","protected":false},"featured_media":11171,"template":"","meta":[],"product_brand":[],"product_cat":[95,96],"product_tag":[98,99],"class_list":{"0":"post-11156","1":"product","2":"type-product","3":"status-publish","4":"has-post-thumbnail","6":"product_cat-materiel","7":"product_cat-ski-roues","8":"product_tag-nordeex","9":"product_tag-occasion","11":"first","12":"instock","13":"shipping-taxable","14":"purchasable","15":"product-type-variable"},"_links":{"self":[{"href":"https:\/\/skiclubpaysrochois.com\/blog\/wp-json\/wp\/v2\/product\/11156","targetHints":{"allow":["GET"]}}],"collection":[{"href":"https:\/\/skiclubpaysrochois.com\/blog\/wp-json\/wp\/v2\/product"}],"about":[{"href":"https:\/\/skiclubpaysrochois.com\/blog\/wp-json\/wp\/v2\/types\/product"}],"wp:featuredmedia":[{"embeddable":true,"href":"https:\/\/skiclubpaysrochois.com\/blog\/wp-json\/wp\/v2\/media\/11171"}],"wp:attachment":[{"href":"https:\/\/skiclubpaysrochois.com\/blog\/wp-json\/wp\/v2\/media?parent=11156"}],"wp:term":[{"taxonomy":"product_brand","embeddable":true,"href":"https:\/\/skiclubpaysrochois.com\/blog\/wp-json\/wp\/v2\/product_brand?post=11156"},{"taxonomy":"product_cat","embeddable":true,"href":"https:\/\/skiclubpaysrochois.com\/blog\/wp-json\/wp\/v2\/product_cat?post=11156"},{"taxonomy":"product_tag","embeddable":true,"href":"https:\/\/skiclubpaysrochois.com\/blog\/wp-json\/wp\/v2\/product_tag?post=11156"}],"curies":[{"name":"wp","href":"https:\/\/api.w.org\/{rel}","templated":true}]}}