









{"id":11152,"date":"2023-06-09T19:47:52","date_gmt":"2023-06-09T17:47:52","guid":{"rendered":"https:\/\/skiclubpaysrochois.com\/blog\/?post_type=product&#038;p=11152"},"modified":"2026-02-11T19:46:39","modified_gmt":"2026-02-11T17:46:39","slug":"housse-a-skis","status":"publish","type":"product","link":"https:\/\/skiclubpaysrochois.com\/blog\/produit\/housse-a-skis\/","title":{"rendered":"Housse \u00e0 skis"},"content":{"rendered":"<p>Grande housse \u00e0 skis Salomon (8 paires)<\/p>\n<p>Fabriqu\u00e9e avec des mati\u00e8res r\u00e9sistantes \u00e0 l\u2019eau et robustes, cette housse \u00e0 skis pratique permet de ranger et de transporter plusieurs paires de skis en une seule fois. La longue ouverture zipp\u00e9e permet de glisser facilement les skis dans les diff\u00e9rents compartiments, tandis que les sangles robustes permettent de les maintenir en place. De plus, les poign\u00e9es facilitent le transport.<\/p>\n","protected":false},"excerpt":{"rendered":"<p>Housse \u00e0 skis (8 paires)<\/p>\n","protected":false},"featured_media":11153,"template":"","meta":[],"product_brand":[],"product_cat":[92,89],"product_tag":[94],"class_list":{"0":"post-11152","1":"product","2":"type-product","3":"status-publish","4":"has-post-thumbnail","6":"product_cat-housse","7":"product_cat-transport","8":"product_tag-salomon","10":"first","11":"instock","12":"shipping-taxable","13":"purchasable","14":"product-type-variable"},"_links":{"self":[{"href":"https:\/\/skiclubpaysrochois.com\/blog\/wp-json\/wp\/v2\/product\/11152","targetHints":{"allow":["GET"]}}],"collection":[{"href":"https:\/\/skiclubpaysrochois.com\/blog\/wp-json\/wp\/v2\/product"}],"about":[{"href":"https:\/\/skiclubpaysrochois.com\/blog\/wp-json\/wp\/v2\/types\/product"}],"wp:featuredmedia":[{"embeddable":true,"href":"https:\/\/skiclubpaysrochois.com\/blog\/wp-json\/wp\/v2\/media\/11153"}],"wp:attachment":[{"href":"https:\/\/skiclubpaysrochois.com\/blog\/wp-json\/wp\/v2\/media?parent=11152"}],"wp:term":[{"taxonomy":"product_brand","embeddable":true,"href":"https:\/\/skiclubpaysrochois.com\/blog\/wp-json\/wp\/v2\/product_brand?post=11152"},{"taxonomy":"product_cat","embeddable":true,"href":"https:\/\/skiclubpaysrochois.com\/blog\/wp-json\/wp\/v2\/product_cat?post=11152"},{"taxonomy":"product_tag","embeddable":true,"href":"https:\/\/skiclubpaysrochois.com\/blog\/wp-json\/wp\/v2\/product_tag?post=11152"}],"curies":[{"name":"wp","href":"https:\/\/api.w.org\/{rel}","templated":true}]}}