









{"id":11100,"date":"2023-06-07T11:41:29","date_gmt":"2023-06-07T09:41:29","guid":{"rendered":"https:\/\/skiclubpaysrochois.com\/blog\/?post_type=product&#038;p=11100"},"modified":"2023-06-13T14:53:43","modified_gmt":"2023-06-13T12:53:43","slug":"sac-a-dos","status":"publish","type":"product","link":"https:\/\/skiclubpaysrochois.com\/blog\/produit\/sac-a-dos\/","title":{"rendered":"Sac \u00e0 dos"},"content":{"rendered":"<p>Sac \u00e0 dos Craft avec compartiment pour les chaussures et inscription Ski-Club Pays Rochois (capacit\u00e9 26L).<\/p>\n","protected":false},"excerpt":{"rendered":"<p>Sac \u00e0 dos Craft<\/p>\n","protected":false},"featured_media":11119,"template":"","meta":[],"product_brand":[],"product_cat":[90,89],"product_tag":[93],"class_list":{"0":"post-11100","1":"product","2":"type-product","3":"status-publish","4":"has-post-thumbnail","6":"product_cat-sacs","7":"product_cat-transport","8":"product_tag-craft","10":"first","11":"instock","12":"shipping-taxable","13":"purchasable","14":"product-type-simple"},"_links":{"self":[{"href":"https:\/\/skiclubpaysrochois.com\/blog\/wp-json\/wp\/v2\/product\/11100","targetHints":{"allow":["GET"]}}],"collection":[{"href":"https:\/\/skiclubpaysrochois.com\/blog\/wp-json\/wp\/v2\/product"}],"about":[{"href":"https:\/\/skiclubpaysrochois.com\/blog\/wp-json\/wp\/v2\/types\/product"}],"wp:featuredmedia":[{"embeddable":true,"href":"https:\/\/skiclubpaysrochois.com\/blog\/wp-json\/wp\/v2\/media\/11119"}],"wp:attachment":[{"href":"https:\/\/skiclubpaysrochois.com\/blog\/wp-json\/wp\/v2\/media?parent=11100"}],"wp:term":[{"taxonomy":"product_brand","embeddable":true,"href":"https:\/\/skiclubpaysrochois.com\/blog\/wp-json\/wp\/v2\/product_brand?post=11100"},{"taxonomy":"product_cat","embeddable":true,"href":"https:\/\/skiclubpaysrochois.com\/blog\/wp-json\/wp\/v2\/product_cat?post=11100"},{"taxonomy":"product_tag","embeddable":true,"href":"https:\/\/skiclubpaysrochois.com\/blog\/wp-json\/wp\/v2\/product_tag?post=11100"}],"curies":[{"name":"wp","href":"https:\/\/api.w.org\/{rel}","templated":true}]}}