









{"id":10912,"date":"2023-06-07T10:59:28","date_gmt":"2023-06-07T08:59:28","guid":{"rendered":"https:\/\/skiclubpaysrochois.com\/blog\/?post_type=product&#038;p=10912"},"modified":"2024-06-14T16:37:22","modified_gmt":"2024-06-14T14:37:22","slug":"short-moulant","status":"publish","type":"product","link":"https:\/\/skiclubpaysrochois.com\/blog\/produit\/short-moulant\/","title":{"rendered":"Short moulant"},"content":{"rendered":"<p>Short moulant Craft.<\/p>\n<p>Leggings l\u00e9ger fabriqu\u00e9 dans une mati\u00e8re stretch et fonctionnelle, qui offre une excellente \u00e9vacuation de l\u2019humidit\u00e9 et une grande libert\u00e9 de mouvement..<\/p>\n<p>&nbsp;<\/p>\n<p>Note : le produit contenant de l&rsquo;\u00e9lastane, il n&rsquo;y a pas de marquage \u00ab\u00a0Ski-Club\u00a0\u00bb par d\u00e9faut, celui-ci risquant de se d\u00e9grader avec le temps. Il est possible de le demander tout de m\u00eame en option, comme le marquage des initiales ou du pr\u00e9nom (5\u20ac)<\/p>\n","protected":false},"excerpt":{"rendered":"<p>Short moulant Craft<\/p>\n","protected":false},"featured_media":11127,"template":"","meta":[],"product_brand":[],"product_cat":[81,51],"product_tag":[93],"class_list":{"0":"post-10912","1":"product","2":"type-product","3":"status-publish","4":"has-post-thumbnail","6":"product_cat-short","7":"product_cat-vetements","8":"product_tag-craft","10":"first","11":"instock","12":"shipping-taxable","13":"purchasable","14":"product-type-variable"},"_links":{"self":[{"href":"https:\/\/skiclubpaysrochois.com\/blog\/wp-json\/wp\/v2\/product\/10912","targetHints":{"allow":["GET"]}}],"collection":[{"href":"https:\/\/skiclubpaysrochois.com\/blog\/wp-json\/wp\/v2\/product"}],"about":[{"href":"https:\/\/skiclubpaysrochois.com\/blog\/wp-json\/wp\/v2\/types\/product"}],"wp:featuredmedia":[{"embeddable":true,"href":"https:\/\/skiclubpaysrochois.com\/blog\/wp-json\/wp\/v2\/media\/11127"}],"wp:attachment":[{"href":"https:\/\/skiclubpaysrochois.com\/blog\/wp-json\/wp\/v2\/media?parent=10912"}],"wp:term":[{"taxonomy":"product_brand","embeddable":true,"href":"https:\/\/skiclubpaysrochois.com\/blog\/wp-json\/wp\/v2\/product_brand?post=10912"},{"taxonomy":"product_cat","embeddable":true,"href":"https:\/\/skiclubpaysrochois.com\/blog\/wp-json\/wp\/v2\/product_cat?post=10912"},{"taxonomy":"product_tag","embeddable":true,"href":"https:\/\/skiclubpaysrochois.com\/blog\/wp-json\/wp\/v2\/product_tag?post=10912"}],"curies":[{"name":"wp","href":"https:\/\/api.w.org\/{rel}","templated":true}]}}