









{"id":10866,"date":"2023-06-07T10:39:29","date_gmt":"2023-06-07T08:39:29","guid":{"rendered":"https:\/\/skiclubpaysrochois.com\/blog\/?post_type=product&#038;p=10866"},"modified":"2024-06-14T16:37:39","modified_gmt":"2024-06-14T14:37:39","slug":"shorty-femme","status":"publish","type":"product","link":"https:\/\/skiclubpaysrochois.com\/blog\/produit\/shorty-femme\/","title":{"rendered":"Shorty femme"},"content":{"rendered":"<p>Shorty Craft pour femme.<\/p>\n<p>Shorty sobre fabriqu\u00e9 dans une mati\u00e8re douce et fonctionnelle pour un confort optimal. Coupe seyante et grande extensibilit\u00e9 pour une excellente libert\u00e9 de mouvement.<\/p>\n<p>&nbsp;<\/p>\n<p>Note : le produit contenant de l&rsquo;\u00e9lastane, il n&rsquo;y a pas de marquage \u00ab\u00a0Ski-Club\u00a0\u00bb par d\u00e9faut, celui-ci risquant de se d\u00e9grader avec le temps. Il est possible de le demander tout de m\u00eame en option, comme le marquage des initiales ou du pr\u00e9nom (5\u20ac)<\/p>\n","protected":false},"excerpt":{"rendered":"<p>Shorty femme Craft<\/p>\n","protected":false},"featured_media":12531,"template":"","meta":[],"product_brand":[],"product_cat":[81,51],"product_tag":[93],"class_list":{"0":"post-10866","1":"product","2":"type-product","3":"status-publish","4":"has-post-thumbnail","6":"product_cat-short","7":"product_cat-vetements","8":"product_tag-craft","10":"first","11":"instock","12":"shipping-taxable","13":"purchasable","14":"product-type-variable"},"_links":{"self":[{"href":"https:\/\/skiclubpaysrochois.com\/blog\/wp-json\/wp\/v2\/product\/10866","targetHints":{"allow":["GET"]}}],"collection":[{"href":"https:\/\/skiclubpaysrochois.com\/blog\/wp-json\/wp\/v2\/product"}],"about":[{"href":"https:\/\/skiclubpaysrochois.com\/blog\/wp-json\/wp\/v2\/types\/product"}],"wp:featuredmedia":[{"embeddable":true,"href":"https:\/\/skiclubpaysrochois.com\/blog\/wp-json\/wp\/v2\/media\/12531"}],"wp:attachment":[{"href":"https:\/\/skiclubpaysrochois.com\/blog\/wp-json\/wp\/v2\/media?parent=10866"}],"wp:term":[{"taxonomy":"product_brand","embeddable":true,"href":"https:\/\/skiclubpaysrochois.com\/blog\/wp-json\/wp\/v2\/product_brand?post=10866"},{"taxonomy":"product_cat","embeddable":true,"href":"https:\/\/skiclubpaysrochois.com\/blog\/wp-json\/wp\/v2\/product_cat?post=10866"},{"taxonomy":"product_tag","embeddable":true,"href":"https:\/\/skiclubpaysrochois.com\/blog\/wp-json\/wp\/v2\/product_tag?post=10866"}],"curies":[{"name":"wp","href":"https:\/\/api.w.org\/{rel}","templated":true}]}}