









{"id":10788,"date":"2023-06-07T10:30:04","date_gmt":"2023-06-07T08:30:04","guid":{"rendered":"https:\/\/skiclubpaysrochois.com\/blog\/?post_type=product&#038;p=10788"},"modified":"2024-06-14T16:38:17","modified_gmt":"2024-06-14T14:38:17","slug":"short-large-sans-poche","status":"publish","type":"product","link":"https:\/\/skiclubpaysrochois.com\/blog\/produit\/short-large-sans-poche\/","title":{"rendered":"Short large (sans poche)"},"content":{"rendered":"<p>Short sport Craft avec inscription Ski-Club Pays Rochois.<\/p>\n<p>Short en tissu technique extensible avec d&rsquo;excellentes qualit\u00e9s d&rsquo;\u00e9vacuation de l\u2019humidit\u00e9 et de r\u00e9gulation de la temp\u00e9rature corporelle pour une prestation maximale. Ajustement et mobilit\u00e9 optimis\u00e9s gr\u00e2ce \u00e0 un bon effet stretch. Lien de serrage \u00e0 la taille.<\/p>\n<p>&nbsp;<\/p>\n<p>En option : marquage des initiales (3\u20ac) &#8211; marquage du pr\u00e9nom (5\u20ac)<\/p>\n","protected":false},"excerpt":{"rendered":"<p>Short sport Craft<\/p>\n","protected":false},"featured_media":10833,"template":"","meta":[],"product_brand":[],"product_cat":[81,51],"product_tag":[93],"class_list":{"0":"post-10788","1":"product","2":"type-product","3":"status-publish","4":"has-post-thumbnail","6":"product_cat-short","7":"product_cat-vetements","8":"product_tag-craft","10":"first","11":"instock","12":"shipping-taxable","13":"purchasable","14":"product-type-variable"},"_links":{"self":[{"href":"https:\/\/skiclubpaysrochois.com\/blog\/wp-json\/wp\/v2\/product\/10788","targetHints":{"allow":["GET"]}}],"collection":[{"href":"https:\/\/skiclubpaysrochois.com\/blog\/wp-json\/wp\/v2\/product"}],"about":[{"href":"https:\/\/skiclubpaysrochois.com\/blog\/wp-json\/wp\/v2\/types\/product"}],"wp:featuredmedia":[{"embeddable":true,"href":"https:\/\/skiclubpaysrochois.com\/blog\/wp-json\/wp\/v2\/media\/10833"}],"wp:attachment":[{"href":"https:\/\/skiclubpaysrochois.com\/blog\/wp-json\/wp\/v2\/media?parent=10788"}],"wp:term":[{"taxonomy":"product_brand","embeddable":true,"href":"https:\/\/skiclubpaysrochois.com\/blog\/wp-json\/wp\/v2\/product_brand?post=10788"},{"taxonomy":"product_cat","embeddable":true,"href":"https:\/\/skiclubpaysrochois.com\/blog\/wp-json\/wp\/v2\/product_cat?post=10788"},{"taxonomy":"product_tag","embeddable":true,"href":"https:\/\/skiclubpaysrochois.com\/blog\/wp-json\/wp\/v2\/product_tag?post=10788"}],"curies":[{"name":"wp","href":"https:\/\/api.w.org\/{rel}","templated":true}]}}