









{"id":10544,"date":"2023-05-20T19:27:10","date_gmt":"2023-05-20T17:27:10","guid":{"rendered":"https:\/\/skiclubpaysrochois.com\/blog\/?post_type=product&#038;p=10544"},"modified":"2024-06-14T16:39:06","modified_gmt":"2024-06-14T14:39:06","slug":"sous-couche-thermique","status":"publish","type":"product","link":"https:\/\/skiclubpaysrochois.com\/blog\/produit\/sous-couche-thermique\/","title":{"rendered":"Sous-couche thermique"},"content":{"rendered":"<p>Sous-couche thermique Craft.<\/p>\n<p>Haut souple et confortable, sans coutures, \u00e0 la coupe serr\u00e9e avec des parties adapt\u00e9es permettant de r\u00e9guler de mani\u00e8re optimale la temp\u00e9rature corporelle.<\/p>\n","protected":false},"excerpt":{"rendered":"<p>Sous-couche thermique Craft<\/p>\n","protected":false},"featured_media":10578,"template":"","meta":[],"product_brand":[],"product_cat":[80,52,51],"product_tag":[93],"class_list":{"0":"post-10544","1":"product","2":"type-product","3":"status-publish","4":"has-post-thumbnail","6":"product_cat-ski","7":"product_cat-t-shirt","8":"product_cat-vetements","9":"product_tag-craft","11":"first","12":"instock","13":"shipping-taxable","14":"purchasable","15":"product-type-variable"},"_links":{"self":[{"href":"https:\/\/skiclubpaysrochois.com\/blog\/wp-json\/wp\/v2\/product\/10544","targetHints":{"allow":["GET"]}}],"collection":[{"href":"https:\/\/skiclubpaysrochois.com\/blog\/wp-json\/wp\/v2\/product"}],"about":[{"href":"https:\/\/skiclubpaysrochois.com\/blog\/wp-json\/wp\/v2\/types\/product"}],"wp:featuredmedia":[{"embeddable":true,"href":"https:\/\/skiclubpaysrochois.com\/blog\/wp-json\/wp\/v2\/media\/10578"}],"wp:attachment":[{"href":"https:\/\/skiclubpaysrochois.com\/blog\/wp-json\/wp\/v2\/media?parent=10544"}],"wp:term":[{"taxonomy":"product_brand","embeddable":true,"href":"https:\/\/skiclubpaysrochois.com\/blog\/wp-json\/wp\/v2\/product_brand?post=10544"},{"taxonomy":"product_cat","embeddable":true,"href":"https:\/\/skiclubpaysrochois.com\/blog\/wp-json\/wp\/v2\/product_cat?post=10544"},{"taxonomy":"product_tag","embeddable":true,"href":"https:\/\/skiclubpaysrochois.com\/blog\/wp-json\/wp\/v2\/product_tag?post=10544"}],"curies":[{"name":"wp","href":"https:\/\/api.w.org\/{rel}","templated":true}]}}