









{"id":10508,"date":"2023-05-20T18:45:56","date_gmt":"2023-05-20T16:45:56","guid":{"rendered":"https:\/\/skiclubpaysrochois.com\/blog\/?post_type=product&#038;p=10508"},"modified":"2024-06-14T16:34:57","modified_gmt":"2024-06-14T14:34:57","slug":"doudoune","status":"publish","type":"product","link":"https:\/\/skiclubpaysrochois.com\/blog\/produit\/doudoune\/","title":{"rendered":"Doudoune"},"content":{"rendered":"<p>Doudoune hiver Craft avec inscription Ski-Club Pays Rochois.<\/p>\n<p>Cette veste chaude est dot\u00e9e d&rsquo;un rembourrage isolant en polyester recycl\u00e9. Un excellent choix pour la plupart des activit\u00e9s de plein air quotidiennes dans des conditions froides.<\/p>\n<p>&nbsp;<\/p>\n<p>En option : marquage des initiales (3\u20ac) &#8211; marquage du pr\u00e9nom (5\u20ac)<\/p>\n","protected":false},"excerpt":{"rendered":"<p>Doudoune Craft<\/p>\n","protected":false},"featured_media":10540,"template":"","meta":[],"product_brand":[],"product_cat":[80,79,51],"product_tag":[93],"class_list":{"0":"post-10508","1":"product","2":"type-product","3":"status-publish","4":"has-post-thumbnail","6":"product_cat-ski","7":"product_cat-streetwear","8":"product_cat-vetements","9":"product_tag-craft","11":"first","12":"instock","13":"shipping-taxable","14":"purchasable","15":"product-type-variable"},"_links":{"self":[{"href":"https:\/\/skiclubpaysrochois.com\/blog\/wp-json\/wp\/v2\/product\/10508","targetHints":{"allow":["GET"]}}],"collection":[{"href":"https:\/\/skiclubpaysrochois.com\/blog\/wp-json\/wp\/v2\/product"}],"about":[{"href":"https:\/\/skiclubpaysrochois.com\/blog\/wp-json\/wp\/v2\/types\/product"}],"wp:featuredmedia":[{"embeddable":true,"href":"https:\/\/skiclubpaysrochois.com\/blog\/wp-json\/wp\/v2\/media\/10540"}],"wp:attachment":[{"href":"https:\/\/skiclubpaysrochois.com\/blog\/wp-json\/wp\/v2\/media?parent=10508"}],"wp:term":[{"taxonomy":"product_brand","embeddable":true,"href":"https:\/\/skiclubpaysrochois.com\/blog\/wp-json\/wp\/v2\/product_brand?post=10508"},{"taxonomy":"product_cat","embeddable":true,"href":"https:\/\/skiclubpaysrochois.com\/blog\/wp-json\/wp\/v2\/product_cat?post=10508"},{"taxonomy":"product_tag","embeddable":true,"href":"https:\/\/skiclubpaysrochois.com\/blog\/wp-json\/wp\/v2\/product_tag?post=10508"}],"curies":[{"name":"wp","href":"https:\/\/api.w.org\/{rel}","templated":true}]}}