









{"id":8607,"date":"2022-03-18T15:51:17","date_gmt":"2022-03-18T13:51:17","guid":{"rendered":"https:\/\/skiclubpaysrochois.com\/blog\/?page_id=8607"},"modified":"2026-03-22T14:18:23","modified_gmt":"2026-03-22T12:18:23","slug":"derby","status":"publish","type":"page","link":"https:\/\/skiclubpaysrochois.com\/blog\/derby\/","title":{"rendered":"Derby des Mouilles &#8211; Plateau des Gli\u00e8res &#8211; Dimanche 22\/03\/2026"},"content":{"rendered":"\n<div style=\"height:50px\" aria-hidden=\"true\" class=\"wp-block-spacer\"><\/div>\n\n\n\n<div class=\"wp-block-group has-global-padding is-layout-constrained wp-block-group-is-layout-constrained\">\n<h3 class=\"wp-block-heading\">R\u00e9sultats<\/h3>\n\n\n\n<div class=\"wp-block-buttons is-layout-flex wp-block-buttons-is-layout-flex\">\n<div class=\"wp-block-button\"><a class=\"wp-block-button__link wp-element-button\" href=\"https:\/\/skiclubpaysrochois.com\/blog\/wp-content\/uploads\/2026\/03\/officielsTteCateg.pdf\">R\u00e9sultats officiels<\/a><\/div>\n\n\n\n<div class=\"wp-block-button\"><a class=\"wp-block-button__link wp-element-button\" href=\"https:\/\/skiclubpaysrochois.com\/blog\/wp-content\/uploads\/2026\/03\/challenge-Tanguy-Vulliet.pdf\">Challenge Tanguy Vulliet<\/a><\/div>\n<\/div>\n<\/div>\n\n\n\n<div style=\"height:50px\" aria-hidden=\"true\" class=\"wp-block-spacer\"><\/div>\n\n\n\n<div class=\"wp-block-group has-global-padding is-layout-constrained wp-block-group-is-layout-constrained\">\n<h3 class=\"wp-block-heading\">Listes de d\u00e9part<\/h3>\n\n\n\n<div class=\"wp-block-buttons is-layout-flex wp-block-buttons-is-layout-flex\">\n<div class=\"wp-block-button\"><a class=\"wp-block-button__link wp-element-button\" href=\"https:\/\/skiclubpaysrochois.com\/blog\/wp-content\/uploads\/2026\/03\/listeDepart.pdf\">Liste de d\u00e9part<\/a><\/div>\n\n\n\n<div class=\"wp-block-button\"><a class=\"wp-block-button__link wp-element-button\" href=\"https:\/\/skiclubpaysrochois.com\/blog\/wp-content\/uploads\/2026\/03\/listeDepClub1.pdf\">Liste par club<\/a><\/div>\n<\/div>\n\n\n\n<p><em>Note : les listes de d\u00e9parts compl\u00e8tes seront affich\u00e9es, mais ne seront pas fournies aux clubs<\/em><\/p>\n<\/div>\n\n\n\n<div style=\"height:50px\" aria-hidden=\"true\" class=\"wp-block-spacer\"><\/div>\n\n\n\n<div class=\"wp-block-group has-global-padding is-layout-constrained wp-block-group-is-layout-constrained\">\n<div class=\"wp-block-group has-global-padding is-layout-constrained wp-block-group-is-layout-constrained\">\n<div class=\"wp-block-group has-global-padding is-layout-constrained wp-block-group-is-layout-constrained\">\n<h3 class=\"wp-block-heading\">Informations et d\u00e9tails<\/h3>\n<\/div>\n<\/div>\n\n\n\n<div class=\"wp-block-buttons is-layout-flex wp-block-buttons-is-layout-flex\">\n<div class=\"wp-block-button\"><a class=\"wp-block-button__link wp-element-button\" href=\"https:\/\/skiclubpaysrochois.com\/blog\/wp-content\/uploads\/2026\/03\/invitation_club.pdf\">Invitation et informations<\/a><\/div>\n\n\n\n<div class=\"wp-block-button\"><a class=\"wp-block-button__link wp-element-button\" href=\"https:\/\/skiclubpaysrochois.com\/blog\/wp-content\/uploads\/2026\/03\/planPistesDerby2026.pdf\">Plan des pistes (v2)<\/a><\/div>\n<\/div>\n\n\n\n<ul class=\"wp-block-list\">\n<li><strong><mark style=\"background-color:rgba(0, 0, 0, 0)\" class=\"has-inline-color has-secondary-color\">Une fois le 1er d\u00e9part lanc\u00e9, merci de ne pas faire de reconnaissance en groupe<\/mark><\/strong><\/li>\n\n\n\n<li>Inscriptions par les clubs uniquement via WebFFS, course n\u00b0<strong><span style=\"text-decoration: underline;\">10479<\/span><\/strong>, jusqu&rsquo;au jeudi 19\/03 22h<\/li>\n\n\n\n<li>Les heures de d\u00e9part indiqu\u00e9es sur la liste pourront \u00eatre ajust\u00e9es en fonction des absences (pour ne pas laisser 1 concurrent s&rsquo;\u00e9lancer seul)<\/li>\n\n\n\n<li>Remise des prix du Crit\u00e9rium Mont-Blanc \u00e0 la fin de l&rsquo;\u00e9preuve<\/li>\n<\/ul>\n<\/div>\n\n\n\n<div style=\"height:100px\" aria-hidden=\"true\" class=\"wp-block-spacer\"><\/div>\n\n\n\n<p><\/p>\n","protected":false},"excerpt":{"rendered":"<p>R\u00e9sultats Listes de d\u00e9part Note : les listes de d\u00e9parts compl\u00e8tes seront affich\u00e9es, mais ne seront pas fournies aux clubs Informations et d\u00e9tails<\/p>\n","protected":false},"author":1,"featured_media":0,"parent":0,"menu_order":0,"comment_status":"closed","ping_status":"closed","template":"","meta":{"footnotes":""},"class_list":["post-8607","page","type-page","status-publish","hentry"],"_links":{"self":[{"href":"https:\/\/skiclubpaysrochois.com\/blog\/wp-json\/wp\/v2\/pages\/8607","targetHints":{"allow":["GET"]}}],"collection":[{"href":"https:\/\/skiclubpaysrochois.com\/blog\/wp-json\/wp\/v2\/pages"}],"about":[{"href":"https:\/\/skiclubpaysrochois.com\/blog\/wp-json\/wp\/v2\/types\/page"}],"author":[{"embeddable":true,"href":"https:\/\/skiclubpaysrochois.com\/blog\/wp-json\/wp\/v2\/users\/1"}],"replies":[{"embeddable":true,"href":"https:\/\/skiclubpaysrochois.com\/blog\/wp-json\/wp\/v2\/comments?post=8607"}],"version-history":[{"count":55,"href":"https:\/\/skiclubpaysrochois.com\/blog\/wp-json\/wp\/v2\/pages\/8607\/revisions"}],"predecessor-version":[{"id":13908,"href":"https:\/\/skiclubpaysrochois.com\/blog\/wp-json\/wp\/v2\/pages\/8607\/revisions\/13908"}],"wp:attachment":[{"href":"https:\/\/skiclubpaysrochois.com\/blog\/wp-json\/wp\/v2\/media?parent=8607"}],"curies":[{"name":"wp","href":"https:\/\/api.w.org\/{rel}","templated":true}]}}