









{"id":2388,"date":"2018-05-02T10:52:35","date_gmt":"2018-05-02T08:52:35","guid":{"rendered":"http:\/\/skiclubpaysrochois.com\/blog\/?page_id=2388"},"modified":"2025-05-07T17:57:40","modified_gmt":"2025-05-07T15:57:40","slug":"categories","status":"publish","type":"page","link":"https:\/\/skiclubpaysrochois.com\/blog\/categories\/","title":{"rendered":"Cat\u00e9gories d&rsquo;\u00e2ges"},"content":{"rendered":"\n<p>Voici un r\u00e9capitulatif des cat\u00e9gories pour la saison 25-26 (le changement s&rsquo;effectue d\u00e8s le mois de mai) :<\/p>\n\n\n\n<!--more-->\n\n\n\n<figure class=\"wp-block-table\"><table><tbody><tr><th class=\"has-text-align-center\" data-align=\"center\">Ann\u00e9e d&rsquo;\u00e2ge<\/th><th class=\"has-text-align-center\" data-align=\"center\" colspan=\"2\">Ancien nom<\/th><th class=\"has-text-align-center\" data-align=\"center\" colspan=\"2\">Nouveau nom (ski de fond)<\/th><th class=\"has-text-align-center\" data-align=\"center\">Biathlon<\/th><\/tr><tr><th class=\"has-text-align-center\" data-align=\"center\">2015<\/th><td class=\"has-text-align-center\" data-align=\"center\" colspan=\"2\">Benjamin (1)<\/td><td class=\"has-text-align-center\" data-align=\"center\" colspan=\"2\">U11<\/td><td class=\"has-text-align-center\" data-align=\"center\">&nbsp;<\/td><\/tr><tr><th class=\"has-text-align-center\" data-align=\"center\">2014<\/th><td class=\"has-text-align-center\" data-align=\"center\" colspan=\"2\">Benjamin (2)<\/td><td class=\"has-text-align-center\" data-align=\"center\">U12<\/td><td class=\"has-text-align-center\" data-align=\"center\" rowspan=\"2\">U13<br><span style=\"color: #999999; font-size: 0.9em;\">(ou U12-U13)<br>(ou U13-1\/U13-2)<\/span><\/td><td class=\"has-text-align-center\" data-align=\"center\" rowspan=\"2\">&nbsp;<\/td><\/tr><tr><th class=\"has-text-align-center\" data-align=\"center\">2013<\/th><td class=\"has-text-align-center\" data-align=\"center\">Minime 1<\/td><td class=\"has-text-align-center\" data-align=\"center\" rowspan=\"2\">Minime<\/td><td class=\"has-text-align-center\" data-align=\"center\">U13<\/td><\/tr><tr><th class=\"has-text-align-center\" data-align=\"center\">2012<\/th><td class=\"has-text-align-center\" data-align=\"center\">Minime 2<\/td><td class=\"has-text-align-center\" data-align=\"center\">U14<\/td><td class=\"has-text-align-center\" data-align=\"center\" rowspan=\"2\">U15<br><span style=\"color: #999999; font-size: 0.9em;\">(ou U14-U15)<br>(ou U15-1\/U15-2)<\/span><\/td><td class=\"has-text-align-center\" data-align=\"center\" rowspan=\"2\">&nbsp;<\/td><\/tr><tr><th class=\"has-text-align-center\" data-align=\"center\">2011<\/th><td class=\"has-text-align-center\" data-align=\"center\">Cadet 1<\/td><td class=\"has-text-align-center\" data-align=\"center\" rowspan=\"2\">Cadet<\/td><td class=\"has-text-align-center\" data-align=\"center\">U15<\/td><\/tr><tr><th class=\"has-text-align-center\" data-align=\"center\">2010<\/th><td class=\"has-text-align-center\" data-align=\"center\">Cadet 2<\/td><td class=\"has-text-align-center\" data-align=\"center\" colspan=\"2\">U16<\/td><td class=\"has-text-align-center\" data-align=\"center\" rowspan=\"2\">U17<\/td><\/tr><tr><th class=\"has-text-align-center\" data-align=\"center\">2009<\/th><td class=\"has-text-align-center\" data-align=\"center\">Jeune 1<\/td><td class=\"has-text-align-center\" data-align=\"center\" rowspan=\"2\">Jeune<\/td><td class=\"has-text-align-center\" data-align=\"center\">U17<\/td><td class=\"has-text-align-center\" data-align=\"center\" rowspan=\"2\">U18<br><span style=\"color: #999999; font-size: 0.9em;\">(ou U17-U18)<br>(ou U18-1\/U18-2)<\/span><\/td><\/tr><tr><th class=\"has-text-align-center\" data-align=\"center\">2008<\/th><td class=\"has-text-align-center\" data-align=\"center\">Jeune 2<\/td><td class=\"has-text-align-center\" data-align=\"center\">U18<\/td><td class=\"has-text-align-center\" data-align=\"center\" rowspan=\"2\">U19<\/td><\/tr><tr><th class=\"has-text-align-center\" data-align=\"center\">2007<\/th><td class=\"has-text-align-center\" data-align=\"center\">Junior 1<\/td><td class=\"has-text-align-center\" data-align=\"center\" rowspan=\"2\">Junior<\/td><td class=\"has-text-align-center\" data-align=\"center\">U19<\/td><td class=\"has-text-align-center\" data-align=\"center\" rowspan=\"2\">U20<br><span style=\"color: #999999; font-size: 0.9em;\">(ou U19-U20)<\/span><\/td><\/tr><tr><th class=\"has-text-align-center\" data-align=\"center\">2006<\/th><td class=\"has-text-align-center\" data-align=\"center\">Junior 2<\/td><td class=\"has-text-align-center\" data-align=\"center\">U20<\/td><td class=\"has-text-align-center\" data-align=\"center\" rowspan=\"2\">U21<\/td><\/tr><tr><th class=\"has-text-align-center\" data-align=\"center\">2005<\/th><td class=\"has-text-align-center\" data-align=\"center\" colspan=\"4\">Senior<\/td><\/tr><tr><th class=\"has-text-align-center\" data-align=\"center\">2004 et moins<\/th><td class=\"has-text-align-center\" data-align=\"center\" colspan=\"5\">Senior<\/td><\/tr><\/tbody><\/table><\/figure>\n","protected":false},"excerpt":{"rendered":"<p>Voici un r\u00e9capitulatif des cat\u00e9gories pour la saison 25-26 (le changement s&rsquo;effectue d\u00e8s le mois de mai) :<\/p>\n","protected":false},"author":1,"featured_media":0,"parent":0,"menu_order":0,"comment_status":"closed","ping_status":"closed","template":"","meta":{"footnotes":""},"class_list":["post-2388","page","type-page","status-publish","hentry"],"_links":{"self":[{"href":"https:\/\/skiclubpaysrochois.com\/blog\/wp-json\/wp\/v2\/pages\/2388","targetHints":{"allow":["GET"]}}],"collection":[{"href":"https:\/\/skiclubpaysrochois.com\/blog\/wp-json\/wp\/v2\/pages"}],"about":[{"href":"https:\/\/skiclubpaysrochois.com\/blog\/wp-json\/wp\/v2\/types\/page"}],"author":[{"embeddable":true,"href":"https:\/\/skiclubpaysrochois.com\/blog\/wp-json\/wp\/v2\/users\/1"}],"replies":[{"embeddable":true,"href":"https:\/\/skiclubpaysrochois.com\/blog\/wp-json\/wp\/v2\/comments?post=2388"}],"version-history":[{"count":36,"href":"https:\/\/skiclubpaysrochois.com\/blog\/wp-json\/wp\/v2\/pages\/2388\/revisions"}],"predecessor-version":[{"id":13129,"href":"https:\/\/skiclubpaysrochois.com\/blog\/wp-json\/wp\/v2\/pages\/2388\/revisions\/13129"}],"wp:attachment":[{"href":"https:\/\/skiclubpaysrochois.com\/blog\/wp-json\/wp\/v2\/media?parent=2388"}],"curies":[{"name":"wp","href":"https:\/\/api.w.org\/{rel}","templated":true}]}}