









{"id":13324,"date":"2025-09-07T17:57:17","date_gmt":"2025-09-07T15:57:17","guid":{"rendered":"https:\/\/skiclubpaysrochois.com\/blog\/?page_id=13324"},"modified":"2026-01-30T18:40:15","modified_gmt":"2026-01-30T16:40:15","slug":"competitions","status":"publish","type":"page","link":"https:\/\/skiclubpaysrochois.com\/blog\/competitions\/","title":{"rendered":"Informations comp\u00e9titions"},"content":{"rendered":"\n<div class=\"wp-block-group has-global-padding is-layout-constrained wp-block-group-is-layout-constrained\">\n<h2 class=\"wp-block-heading\" id=\"journeeSR\">Inscriptions aux courses r\u00e9gionales<\/h2>\n\n\n\n<ul class=\"wp-block-list\">\n<li>Cat\u00e9gories U12 (2014) \u00e0 U16 (2010) : inscription automatique sur avis des entra\u00eeneurs<\/li>\n\n\n\n<li>Cat\u00e9gories U17 (2009) et + grand : inscription \u00e0 faire aupr\u00e8s des entra\u00eeneurs<\/li>\n\n\n\n<li>-&gt; <strong>Envoyer un message \u00e0 Christophe pour indiquer votre pr\u00e9sence\/absence si n\u00e9cessaire<\/strong> <strong><mark style=\"background-color:rgba(0, 0, 0, 0)\" class=\"has-inline-color has-secondary-color\">avant le mercredi 18h<\/mark><\/strong> (mardi soir si la course a lieu le samedi)<\/li>\n\n\n\n<li>Le montant de l&rsquo;inscription est pris en charge par le club, <span style=\"text-decoration: underline;\">sauf en cas d&rsquo;absence sans raison valable<\/span><\/li>\n<\/ul>\n\n\n\n<div style=\"height:150px\" aria-hidden=\"true\" class=\"wp-block-spacer\"><\/div>\n<\/div>\n\n\n\n<div class=\"wp-block-group has-global-padding is-layout-constrained wp-block-group-is-layout-constrained\">\n<h2 class=\"wp-block-heading\">D\u00e9roulement d&rsquo;une course<\/h2>\n\n\n\n<ul class=\"wp-block-list\">\n<li>Les horaires et les informations sont donn\u00e9s lors du dernier entra\u00eenement avant la course<\/li>\n\n\n\n<li>Le transport s&rsquo;effectue le plus souvent avec les parents. En cas de besoin, contacter un entra\u00eeneur<\/li>\n\n\n\n<li>Le rendez-vous sur place est souvent fix\u00e9 1h \u00e0 1h30 avant le d\u00e9part, le temps de prendre les informations, reconna\u00eetre la piste, s&rsquo;\u00e9chauffer, etc (voir fiche ci-dessous).<\/li>\n<\/ul>\n\n\n\n<div class=\"wp-block-columns is-layout-flex wp-container-core-columns-is-layout-28f84493 wp-block-columns-is-layout-flex\">\n<div class=\"wp-block-column is-vertically-aligned-center is-layout-flow wp-block-column-is-layout-flow\" style=\"flex-basis:25%\">\n<div class=\"wp-block-buttons is-layout-flex wp-block-buttons-is-layout-flex\">\n<div class=\"wp-block-button has-custom-width wp-block-button__width-100\"><a class=\"wp-block-button__link wp-element-button\" href=\"https:\/\/skiclubpaysrochois.com\/blog\/wp-content\/uploads\/2025\/09\/protocoleEchauffSimple.pdf\" target=\"_blank\" rel=\"noreferrer noopener\">Fiche \u00e9chauffement<\/a><\/div>\n<\/div>\n<\/div>\n\n\n\n<div class=\"wp-block-column is-vertically-aligned-center is-layout-flow wp-block-column-is-layout-flow\" style=\"flex-basis:75%\">\n<p>Conseil et rappel pour un bon \u00e9chauffement (\u00e0 adapter si n\u00e9cessaire)<\/p>\n<\/div>\n<\/div>\n\n\n\n<hr class=\"wp-block-separator has-alpha-channel-opacity\"\/>\n\n\n\n<div class=\"wp-block-columns is-layout-flex wp-container-core-columns-is-layout-28f84493 wp-block-columns-is-layout-flex\">\n<div class=\"wp-block-column is-vertically-aligned-center is-layout-flow wp-block-column-is-layout-flow\" style=\"flex-basis:25%\">\n<div class=\"wp-block-buttons is-layout-flex wp-block-buttons-is-layout-flex\">\n<div class=\"wp-block-button has-custom-width wp-block-button__width-100\"><a class=\"wp-block-button__link wp-element-button\" href=\"https:\/\/skiclubpaysrochois.com\/blog\/wp-content\/uploads\/2025\/09\/comportementCourses.pdf\" target=\"_blank\" rel=\"noreferrer noopener\">D\u00e9roulement d&rsquo;une course<\/a><\/div>\n<\/div>\n<\/div>\n\n\n\n<div class=\"wp-block-column is-vertically-aligned-center is-layout-flow wp-block-column-is-layout-flow\" style=\"flex-basis:75%\">\n<p>D\u00e9roulement d&rsquo;une course, r\u00e8gles de course, conseils, etc.<\/p>\n<\/div>\n<\/div>\n\n\n\n<hr class=\"wp-block-separator has-alpha-channel-opacity\"\/>\n\n\n\n<div class=\"wp-block-columns is-layout-flex wp-container-core-columns-is-layout-28f84493 wp-block-columns-is-layout-flex\">\n<div class=\"wp-block-column is-vertically-aligned-center is-layout-flow wp-block-column-is-layout-flow\" style=\"flex-basis:25%\">\n<div class=\"wp-block-buttons is-layout-flex wp-block-buttons-is-layout-flex\">\n<div class=\"wp-block-button has-custom-width wp-block-button__width-100\"><a class=\"wp-block-button__link wp-element-button\" href=\"https:\/\/www.dropbox.com\/scl\/fo\/zsjplaxwn6annaoppqtgr\/AAkjpxVYCUN3PeWM6NEV0is?rlkey=n86t53tlwk2ywlq5sedc7ifof&amp;dl=0\" target=\"_blank\" rel=\"noreferrer noopener\">Documents<\/a><\/div>\n<\/div>\n<\/div>\n\n\n\n<div class=\"wp-block-column is-vertically-aligned-center is-layout-flow wp-block-column-is-layout-flow\" style=\"flex-basis:75%\">\n<p>Liste de d\u00e9parts, document d&rsquo;informations, r\u00e9sultats, etc.<\/p>\n<\/div>\n<\/div>\n\n\n\n<hr class=\"wp-block-separator has-alpha-channel-opacity\"\/>\n\n\n\n<div style=\"height:150px\" aria-hidden=\"true\" class=\"wp-block-spacer\"><\/div>\n<\/div>\n\n\n\n<div class=\"wp-block-group has-global-padding is-layout-constrained wp-block-group-is-layout-constrained\">\n<h2 class=\"wp-block-heading\" id=\"rdv\">Lieux de course<\/h2>\n\n\n\n<div class=\"wp-block-buttons is-layout-flex wp-block-buttons-is-layout-flex\">\n<div class=\"wp-block-button\"><a class=\"wp-block-button__link wp-element-button\" href=\"https:\/\/maps.app.goo.gl\/jCapCW3mvkv7yekd7\" target=\"_blank\" rel=\"noreferrer noopener\">Les Contamines-Montjoies<\/a><\/div>\n\n\n\n<div class=\"wp-block-button\"><a class=\"wp-block-button__link wp-element-button\" href=\"https:\/\/maps.app.goo.gl\/shRX1tipvJcjA2Cj7\" target=\"_blank\" rel=\"noreferrer noopener\">Flaine<\/a><\/div>\n\n\n\n<div class=\"wp-block-button\"><a class=\"wp-block-button__link wp-element-button\" href=\"https:\/\/maps.app.goo.gl\/Euq9gsQcXFq9EJp56\">Vallorcine (Buet)<\/a><\/div>\n\n\n\n<div class=\"wp-block-button\"><a class=\"wp-block-button__link wp-element-button\" href=\"https:\/\/maps.app.goo.gl\/1yNvWk3cgMrNcc9y7\">Agy<\/a><\/div>\n\n\n\n<div class=\"wp-block-button\"><a class=\"wp-block-button__link wp-element-button\" href=\"https:\/\/maps.app.goo.gl\/tyeKskYtjrpvU5Lv7\">Meg\u00e8ve (Livraz)<\/a><\/div>\n\n\n\n<div class=\"wp-block-button\"><a class=\"wp-block-button__link wp-element-button\" href=\"https:\/\/maps.app.goo.gl\/KAhcpvVHjyyPkrEJA\">Plaine-Joux les Brasses (Villard)<\/a><\/div>\n<\/div>\n\n\n\n<div style=\"height:150px\" aria-hidden=\"true\" class=\"wp-block-spacer\"><\/div>\n<\/div>\n\n\n\n<div class=\"wp-block-group has-global-padding is-layout-constrained wp-block-group-is-layout-constrained\">\n<h2 class=\"wp-block-heading\">Charte de fartage<\/h2>\n\n\n\n<p><strong><mark style=\"background-color:rgba(0, 0, 0, 0)\" class=\"has-inline-color has-secondary-color\">Par votre adh\u00e9sion au Ski-Club et \u00e0 son r\u00e8glement int\u00e9rieur, vous vous \u00eates engag\u00e9s \u00e0 respecter les chartes de fartage des diff\u00e9rents circuits.<\/mark><\/strong><\/p>\n\n\n\n<div class=\"wp-block-buttons is-layout-flex wp-block-buttons-is-layout-flex\">\n<div class=\"wp-block-button\"><a class=\"wp-block-button__link wp-element-button\" href=\"https:\/\/skiclubpaysrochois.com\/blog\/2025\/10\/22\/charte-de-fartage\/\">Charte de fartage<\/a><\/div>\n<\/div>\n\n\n\n<div style=\"height:150px\" aria-hidden=\"true\" class=\"wp-block-spacer\"><\/div>\n\n\n\n<p><\/p>\n<\/div>\n","protected":false},"excerpt":{"rendered":"<p>Inscriptions aux courses r\u00e9gionales D\u00e9roulement d&rsquo;une course Conseil et rappel pour un bon \u00e9chauffement (\u00e0 adapter si n\u00e9cessaire) D\u00e9roulement d&rsquo;une course, r\u00e8gles de course, conseils, etc. Liste de d\u00e9parts, document d&rsquo;informations, r\u00e9sultats, etc. Lieux de course Charte de fartage Par votre adh\u00e9sion au Ski-Club et \u00e0 son r\u00e8glement int\u00e9rieur, vous vous \u00eates engag\u00e9s \u00e0 respecter [&hellip;]<\/p>\n","protected":false},"author":1,"featured_media":0,"parent":0,"menu_order":0,"comment_status":"closed","ping_status":"closed","template":"","meta":{"footnotes":""},"class_list":["post-13324","page","type-page","status-publish","hentry"],"_links":{"self":[{"href":"https:\/\/skiclubpaysrochois.com\/blog\/wp-json\/wp\/v2\/pages\/13324","targetHints":{"allow":["GET"]}}],"collection":[{"href":"https:\/\/skiclubpaysrochois.com\/blog\/wp-json\/wp\/v2\/pages"}],"about":[{"href":"https:\/\/skiclubpaysrochois.com\/blog\/wp-json\/wp\/v2\/types\/page"}],"author":[{"embeddable":true,"href":"https:\/\/skiclubpaysrochois.com\/blog\/wp-json\/wp\/v2\/users\/1"}],"replies":[{"embeddable":true,"href":"https:\/\/skiclubpaysrochois.com\/blog\/wp-json\/wp\/v2\/comments?post=13324"}],"version-history":[{"count":10,"href":"https:\/\/skiclubpaysrochois.com\/blog\/wp-json\/wp\/v2\/pages\/13324\/revisions"}],"predecessor-version":[{"id":13768,"href":"https:\/\/skiclubpaysrochois.com\/blog\/wp-json\/wp\/v2\/pages\/13324\/revisions\/13768"}],"wp:attachment":[{"href":"https:\/\/skiclubpaysrochois.com\/blog\/wp-json\/wp\/v2\/media?parent=13324"}],"curies":[{"name":"wp","href":"https:\/\/api.w.org\/{rel}","templated":true}]}}