









{"id":13240,"date":"2025-08-04T20:12:28","date_gmt":"2025-08-04T18:12:28","guid":{"rendered":"https:\/\/skiclubpaysrochois.com\/blog\/?page_id=13240"},"modified":"2026-04-09T16:07:42","modified_gmt":"2026-04-09T14:07:42","slug":"musculation","status":"publish","type":"page","link":"https:\/\/skiclubpaysrochois.com\/blog\/musculation\/","title":{"rendered":"Musculation"},"content":{"rendered":"\n<p>Page regroupant diff\u00e9rentes s\u00e9ances (anciennes et actuelles) de renforcement musculaire<\/p>\n\n\n\n<ul class=\"wp-block-list\">\n<li><a href=\"https:\/\/skiclubpaysrochois.com\/gainageNorge.mp4\" target=\"_blank\" rel=\"noreferrer noopener\">Gainage Norv\u00e9gien (FFS)<\/a><\/li>\n\n\n\n<li><a href=\"https:\/\/skiclubpaysrochois.com\/blog\/wp-content\/uploads\/2025\/08\/240713ficheTania.docx\">\u00c9t\u00e9 2024 &#8211; R\u00e9pertoire d&rsquo;exercices (Tania)<\/a><\/li>\n\n\n\n<li><a href=\"https:\/\/skiclubpaysrochois.com\/blog\/wp-content\/uploads\/2025\/08\/Capture-decran-2025-08-04-a-19.48.48.png\">Automne 2023 &#8211; R\u00e9pertoire d&rsquo;exercices samedi<\/a><\/li>\n\n\n\n<li><a href=\"https:\/\/skiclubpaysrochois.com\/blog\/wp-content\/uploads\/2025\/08\/Capture-decran-2025-08-04-a-19.49.08.png\">Automne 2023 &#8211; R\u00e9pertoire d&rsquo;exercices mercredi<\/a><\/li>\n\n\n\n<li><a href=\"https:\/\/skiclubpaysrochois.com\/blog\/wp-content\/uploads\/2025\/08\/muscuApresChrono.pdf\">Automne 2022 &#8211; S\u00e9ance apr\u00e8s chrono (5 s\u00e9ries)<\/a><\/li>\n\n\n\n<li><a href=\"https:\/\/skiclubpaysrochois.com\/blog\/wp-content\/uploads\/2025\/08\/200613muscuRythme.pdf\">\u00c9t\u00e9 2020 &#8211; S\u00e9ance dynamique (toutes cat\u00e9gories)<\/a><\/li>\n\n\n\n<li><a href=\"https:\/\/skiclubpaysrochois.com\/blog\/wp-content\/uploads\/2025\/08\/200518repriseMuscu.pdf\">Printemps 2020 &#8211; Reprise toutes cat\u00e9gories<\/a><\/li>\n\n\n\n<li><a href=\"https:\/\/skiclubpaysrochois.com\/blog\/wp-content\/uploads\/2025\/08\/automne_minimesCadets2016samedi2.pdf\">Automne 2016 &#8211; S\u00e9ance Gymnase samedi 2<\/a><\/li>\n\n\n\n<li><a href=\"https:\/\/skiclubpaysrochois.com\/blog\/wp-content\/uploads\/2025\/08\/automne_minimesCadets2016samedi.pdf\">Automne 2016 &#8211; S\u00e9ance Gymnase samedi<\/a><\/li>\n\n\n\n<li><a href=\"https:\/\/skiclubpaysrochois.com\/blog\/wp-content\/uploads\/2025\/08\/automne_minimesCadets2014mercredi.pdf\">Automne 2014 &#8211; S\u00e9ance Gymanse mercredi<\/a><\/li>\n\n\n\n<li><a href=\"https:\/\/skiclubpaysrochois.com\/blog\/wp-content\/uploads\/2025\/08\/20140610cadets.pdf\">\u00c9t\u00e9 2014 &#8211; Cadets<\/a><\/li>\n\n\n\n<li><a href=\"https:\/\/skiclubpaysrochois.com\/blog\/wp-content\/uploads\/2025\/08\/20130811cadets.pdf\">\u00c9t\u00e9 2013 &#8211; Muscu + Vitesse (cadets)<\/a><\/li>\n\n\n\n<li><a href=\"https:\/\/skiclubpaysrochois.com\/blog\/wp-content\/uploads\/2025\/08\/automne_minimesCadets2012mercredi.pdf\">Automne 2012 &#8211; S\u00e9ance Gymnase mercredi<\/a><\/li>\n\n\n\n<li><a href=\"https:\/\/skiclubpaysrochois.com\/blog\/wp-content\/uploads\/2025\/08\/automne_minimesCadets2012samedi.pdf\">Automne 2012 &#8211; S\u00e9ance Gymnase samedi<\/a><\/li>\n\n\n\n<li><a href=\"https:\/\/skiclubpaysrochois.com\/blog\/wp-content\/uploads\/2025\/08\/20120505cadetsAvecVitesse.pdf\">\u00c9t\u00e9 2012 &#8211; Muscu + Vitesse (cadets)<\/a><\/li>\n\n\n\n<li><a href=\"https:\/\/skiclubpaysrochois.com\/blog\/wp-content\/uploads\/2025\/08\/20120505mariePrintemps.pdf\">\u00c9t\u00e9 2012 &#8211; Cadets<\/a><\/li>\n\n\n\n<li><a href=\"https:\/\/skiclubpaysrochois.com\/blog\/wp-content\/uploads\/2025\/08\/automne_minimesCadets.pdf\">Automne 2011 &#8211; S\u00e9ance Gymnase 1<\/a><\/li>\n\n\n\n<li><a href=\"https:\/\/skiclubpaysrochois.com\/blog\/wp-content\/uploads\/2025\/08\/muscu_minimes_ete.pdf\">\u00c9t\u00e9 2011 &#8211; Minimes<\/a><\/li>\n\n\n\n<li><a href=\"https:\/\/skiclubpaysrochois.com\/blog\/wp-content\/uploads\/2025\/08\/muscu_minimes_jeunes_ete.pdf\">\u00c9t\u00e9 2011 &#8211; Cadets<\/a><\/li>\n\n\n\n<li><a href=\"https:\/\/skiclubpaysrochois.com\/blog\/wp-content\/uploads\/2025\/08\/MuscuFFS2009-10CadetsJeunes.pdf\">\u00c9t\u00e9 2009 &#8211; Musculation FFS cadets-jeunes (reprise)<\/a><\/li>\n\n\n\n<li><a href=\"https:\/\/skiclubpaysrochois.com\/blog\/wp-content\/uploads\/2025\/08\/MuscuFFS2009-10Forceendurance.pdf\">\u00c9t\u00e9 2009 &#8211; Musculation FFS cadets-jeunes (endurance force)<\/a><\/li>\n<\/ul>\n\n\n\n<p><\/p>\n","protected":false},"excerpt":{"rendered":"<p>Page regroupant diff\u00e9rentes s\u00e9ances (anciennes et actuelles) de renforcement musculaire<\/p>\n","protected":false},"author":1,"featured_media":0,"parent":0,"menu_order":0,"comment_status":"closed","ping_status":"closed","template":"","meta":{"footnotes":""},"class_list":["post-13240","page","type-page","status-publish","hentry"],"_links":{"self":[{"href":"https:\/\/skiclubpaysrochois.com\/blog\/wp-json\/wp\/v2\/pages\/13240","targetHints":{"allow":["GET"]}}],"collection":[{"href":"https:\/\/skiclubpaysrochois.com\/blog\/wp-json\/wp\/v2\/pages"}],"about":[{"href":"https:\/\/skiclubpaysrochois.com\/blog\/wp-json\/wp\/v2\/types\/page"}],"author":[{"embeddable":true,"href":"https:\/\/skiclubpaysrochois.com\/blog\/wp-json\/wp\/v2\/users\/1"}],"replies":[{"embeddable":true,"href":"https:\/\/skiclubpaysrochois.com\/blog\/wp-json\/wp\/v2\/comments?post=13240"}],"version-history":[{"count":2,"href":"https:\/\/skiclubpaysrochois.com\/blog\/wp-json\/wp\/v2\/pages\/13240\/revisions"}],"predecessor-version":[{"id":13913,"href":"https:\/\/skiclubpaysrochois.com\/blog\/wp-json\/wp\/v2\/pages\/13240\/revisions\/13913"}],"wp:attachment":[{"href":"https:\/\/skiclubpaysrochois.com\/blog\/wp-json\/wp\/v2\/media?parent=13240"}],"curies":[{"name":"wp","href":"https:\/\/api.w.org\/{rel}","templated":true}]}}