









{"id":12622,"date":"2024-09-13T08:47:23","date_gmt":"2024-09-13T06:47:23","guid":{"rendered":"https:\/\/skiclubpaysrochois.com\/blog\/?page_id=12622"},"modified":"2025-10-10T09:18:34","modified_gmt":"2025-10-10T07:18:34","slug":"organisation-loto","status":"publish","type":"page","link":"https:\/\/skiclubpaysrochois.com\/blog\/organisation-loto\/","title":{"rendered":"Loto du Ski-Club \/\u00a0Organisation"},"content":{"rendered":"\n<h2 class=\"wp-block-heading\">Samedi 18 octobre 2025 &#8211; Rochexpo<\/h2>\n\n\n\n<p><\/p>\n\n\n\n<div class=\"wp-block-buttons is-content-justification-center is-layout-flex wp-container-core-buttons-is-layout-a89b3969 wp-block-buttons-is-layout-flex\">\n<div class=\"wp-block-button has-custom-width wp-block-button__width-75 button-max-600\"><a class=\"wp-block-button__link has-primary-background-color has-background wp-element-button\" href=\"https:\/\/skiclubpaysrochois.com\/blog\/2025\/10\/10\/informations-loto-du-06-decembre\/\">D\u00e9roulement de la soir\u00e9e &#8211; B\u00e9n\u00e9voles<\/a><\/div>\n\n\n\n<div class=\"wp-block-button has-custom-width wp-block-button__width-75 button-max-600\"><a class=\"wp-block-button__link has-vivid-green-cyan-background-color has-background has-text-align-center wp-element-button\" href=\"https:\/\/chat.whatsapp.com\/Ix2YA74FqZq48Ay1M40xDM\" target=\"_blank\" rel=\"noreferrer noopener\">Lien pour rejoindre le groupe WhatsApp du loto<\/a><\/div>\n<\/div>\n\n\n\n<div style=\"height:50px\" aria-hidden=\"true\" class=\"wp-block-spacer\"><\/div>\n\n\n\n<p><strong><span style=\"text-decoration: underline;\">Vente tickets &#8211; Affiches :<\/span><\/strong><\/p>\n\n\n\n<ul class=\"wp-block-list\">\n<li>Les cartes \u00e0 vendre sont \u00e0 r\u00e9cup\u00e9rer aupr\u00e8s du club lors des entra\u00eenements<\/li>\n<\/ul>\n\n\n\n<div class=\"wp-block-buttons is-content-justification-center is-layout-flex wp-container-core-buttons-is-layout-a89b3969 wp-block-buttons-is-layout-flex\">\n<div class=\"wp-block-button has-custom-width wp-block-button__width-75 button-max-600\"><a class=\"wp-block-button__link has-text-align-center wp-element-button\" href=\"https:\/\/skiclubpaysrochois.com\/blog\/wp-content\/uploads\/2025\/07\/2025-Lettre-familles.pdf\" target=\"_blank\" rel=\"noreferrer noopener\"><strong><span style=\"text-decoration: underline;\">IMPORTANT<\/span><\/strong> : Document explicatif vente des cartes<\/a><\/div>\n\n\n\n<div class=\"wp-block-button has-custom-width wp-block-button__width-75 button-max-600\"><a class=\"wp-block-button__link wp-element-button\" href=\"https:\/\/skiclubpaysrochois.com\/blog\/wp-content\/uploads\/2025\/09\/afficheLoto25comp.jpeg\" target=\"_blank\" rel=\"noreferrer noopener\">Affiche Loto (version compl\u00e8te)<\/a><\/div>\n\n\n\n<div class=\"wp-block-button has-custom-width wp-block-button__width-75 button-max-600\"><a class=\"wp-block-button__link wp-element-button\" href=\"https:\/\/skiclubpaysrochois.com\/blog\/wp-content\/uploads\/2025\/08\/afficheLoto25simple.pdf\" target=\"_blank\" rel=\"noreferrer noopener\">Affiche Loto (version simple)<\/a><\/div>\n<\/div>\n\n\n\n<div style=\"height:30px\" aria-hidden=\"true\" class=\"wp-block-spacer\"><\/div>\n\n\n\n<p><strong><span style=\"text-decoration: underline;\">Lots et partenariats :<\/span><\/strong><\/p>\n\n\n\n<ul class=\"wp-block-list\">\n<li class=\"has-large-font-size\"><strong><mark style=\"background-color:rgba(0, 0, 0, 0)\" class=\"has-inline-color has-secondary-color\">Nous avons besoin des efforts de chacun pour trouver des lots et des partenaires pour les encarts<\/mark><\/strong><\/li>\n\n\n\n<li>Un document CERFA est disponible aupr\u00e8s de Guillaume et Christophe, il permet aux donateurs de b\u00e9n\u00e9ficier d&rsquo;une r\u00e9duction d&rsquo;imp\u00f4ts<\/li>\n\n\n\n<li>Les lots sont \u00e0 conserver pour l&rsquo;instant de votre c\u00f4t\u00e9<\/li>\n<\/ul>\n\n\n\n<div class=\"wp-block-buttons is-horizontal is-content-justification-center is-layout-flex wp-container-core-buttons-is-layout-03627597 wp-block-buttons-is-layout-flex\">\n<div class=\"wp-block-button has-custom-width wp-block-button__width-75 button-max-600\"><a class=\"wp-block-button__link has-base-color has-secondary-background-color has-text-color has-background has-link-color wp-element-button\" href=\"https:\/\/docs.google.com\/spreadsheets\/d\/1eolo1GhlMVUGX-tPRnFfHDwtIasmFoNa\/edit?usp=drivesdk&amp;ouid=106766187634705395952&amp;rtpof=true&amp;sd=true\" target=\"_blank\" rel=\"noreferrer noopener\">Liste des partenaires \/ lots obtenus 2025<\/a><\/div>\n\n\n\n<div class=\"wp-block-button has-custom-width wp-block-button__width-75 button-max-600\"><a class=\"wp-block-button__link has-contrast-color has-primary-background-color has-text-color has-background has-link-color wp-element-button\" href=\"https:\/\/skiclubpaysrochois.com\/blog\/wp-content\/uploads\/2025\/07\/2025-Sollicitation-partenaire.pdf\" target=\"_blank\" rel=\"noreferrer noopener\">Document explicatif partenariat<\/a><\/div>\n\n\n\n<div class=\"wp-block-button has-custom-width wp-block-button__width-75 button-max-600\"><a class=\"wp-block-button__link has-contrast-color has-primary-background-color has-text-color has-background has-link-color wp-element-button\" href=\"https:\/\/skiclubpaysrochois.com\/blog\/wp-content\/uploads\/2025\/07\/recuLoto.pdf\" target=\"_blank\" rel=\"noreferrer noopener\">Justificatif de remise de lot<\/a><\/div>\n\n\n\n<div class=\"wp-block-button has-custom-width wp-block-button__width-75 button-max-600\"><a class=\"wp-block-button__link has-contrast-color has-primary-background-color has-text-color has-background has-link-color wp-element-button\" href=\"https:\/\/skiclubpaysrochois.com\/blog\/wp-content\/uploads\/2025\/07\/partenaires-2024-lots-et-encarts.xlsx\">Liste des partenaires 2024 (pour info)<\/a><\/div>\n<\/div>\n\n\n\n<div style=\"height:50px\" aria-hidden=\"true\" class=\"wp-block-spacer\"><\/div>\n\n\n\n<div class=\"wp-block-group has-global-padding is-layout-constrained wp-block-group-is-layout-constrained\">\n<p><strong><span style=\"text-decoration: underline;\">Compte-rendu r\u00e9unions :<\/span><\/strong><\/p>\n\n\n\n<div class=\"wp-block-buttons is-horizontal is-content-justification-center is-layout-flex wp-container-core-buttons-is-layout-03627597 wp-block-buttons-is-layout-flex\">\n<div class=\"wp-block-button has-custom-width wp-block-button__width-75 button-max-600\"><a class=\"wp-block-button__link wp-element-button\" href=\"https:\/\/skiclubpaysrochois.com\/blog\/wp-content\/uploads\/2025\/10\/251009crReunion.pdf\" target=\"_blank\" rel=\"noreferrer noopener\">Compte-rendu r\u00e9union &#8211; 09 octobre<\/a><\/div>\n\n\n\n<div class=\"wp-block-button has-custom-width wp-block-button__width-75 button-max-600\"><a class=\"wp-block-button__link wp-element-button\" href=\"https:\/\/skiclubpaysrochois.com\/blog\/wp-content\/uploads\/2025\/10\/250929crReunion.pdf\" target=\"_blank\" rel=\"noreferrer noopener\">Compte-rendu r\u00e9union &#8211; 29 septembre<\/a><\/div>\n\n\n\n<div class=\"wp-block-button has-custom-width wp-block-button__width-75 button-max-600\"><a class=\"wp-block-button__link wp-element-button\" href=\"https:\/\/skiclubpaysrochois.com\/blog\/wp-content\/uploads\/2025\/08\/250818crReunionLoto3.pdf\" target=\"_blank\" rel=\"noreferrer noopener\">Compte-rendu r\u00e9union &#8211; 19 ao\u00fbt<\/a><\/div>\n\n\n\n<div class=\"wp-block-button has-custom-width wp-block-button__width-75 button-max-600\"><a class=\"wp-block-button__link wp-element-button\" href=\"https:\/\/skiclubpaysrochois.com\/blog\/wp-content\/uploads\/2025\/07\/250708crReunionLoto.pdf\" target=\"_blank\" rel=\"noreferrer noopener\">Compte-rendu r\u00e9union &#8211; 08 juillet<\/a><\/div>\n<\/div>\n\n\n\n<div style=\"height:30px\" aria-hidden=\"true\" class=\"wp-block-spacer\"><\/div>\n<\/div>\n\n\n\n<div class=\"wp-block-group has-global-padding is-layout-constrained wp-block-group-is-layout-constrained\">\n<div class=\"wp-block-group has-global-padding is-layout-constrained wp-block-group-is-layout-constrained\">\n<p><strong><span style=\"text-decoration: underline;\">Organisation de la soir\u00e9e :<\/span><\/strong><\/p>\n<\/div>\n\n\n\n<ul class=\"wp-block-list\">\n<li>L&rsquo;organisation a proprement parler (mise en place, d\u00e9coration, buvette&#8230;) et la tenue des diff\u00e9rents postes sera d\u00e9finie dans un 2e temps.<\/li>\n<\/ul>\n\n\n\n<div style=\"height:30px\" aria-hidden=\"true\" class=\"wp-block-spacer\"><\/div>\n<\/div>\n","protected":false},"excerpt":{"rendered":"<p>Samedi 18 octobre 2025 &#8211; Rochexpo Vente tickets &#8211; Affiches : Lots et partenariats : Compte-rendu r\u00e9unions : Organisation de la soir\u00e9e :<\/p>\n","protected":false},"author":1,"featured_media":0,"parent":0,"menu_order":0,"comment_status":"closed","ping_status":"closed","template":"","meta":{"footnotes":""},"class_list":["post-12622","page","type-page","status-publish","hentry"],"_links":{"self":[{"href":"https:\/\/skiclubpaysrochois.com\/blog\/wp-json\/wp\/v2\/pages\/12622","targetHints":{"allow":["GET"]}}],"collection":[{"href":"https:\/\/skiclubpaysrochois.com\/blog\/wp-json\/wp\/v2\/pages"}],"about":[{"href":"https:\/\/skiclubpaysrochois.com\/blog\/wp-json\/wp\/v2\/types\/page"}],"author":[{"embeddable":true,"href":"https:\/\/skiclubpaysrochois.com\/blog\/wp-json\/wp\/v2\/users\/1"}],"replies":[{"embeddable":true,"href":"https:\/\/skiclubpaysrochois.com\/blog\/wp-json\/wp\/v2\/comments?post=12622"}],"version-history":[{"count":33,"href":"https:\/\/skiclubpaysrochois.com\/blog\/wp-json\/wp\/v2\/pages\/12622\/revisions"}],"predecessor-version":[{"id":13422,"href":"https:\/\/skiclubpaysrochois.com\/blog\/wp-json\/wp\/v2\/pages\/12622\/revisions\/13422"}],"wp:attachment":[{"href":"https:\/\/skiclubpaysrochois.com\/blog\/wp-json\/wp\/v2\/media?parent=12622"}],"curies":[{"name":"wp","href":"https:\/\/api.w.org\/{rel}","templated":true}]}}