









{"id":11942,"date":"2023-12-12T17:48:53","date_gmt":"2023-12-12T15:48:53","guid":{"rendered":"https:\/\/skiclubpaysrochois.com\/blog\/?page_id=11942"},"modified":"2025-11-04T20:11:39","modified_gmt":"2025-11-04T18:11:39","slug":"entretien-du-materiel","status":"publish","type":"page","link":"https:\/\/skiclubpaysrochois.com\/blog\/entretien-du-materiel\/","title":{"rendered":"Entretien du mat\u00e9riel"},"content":{"rendered":"\n<p>Sommaire<\/p>\n\n\n\n<ul class=\"wp-block-list\">\n<li><a href=\"#general\">Entretien g\u00e9n\u00e9ral du mat\u00e9riel<\/a><\/li>\n\n\n\n<li><a href=\"#defart\">D\u00e9farter les skis de classique<\/a><\/li>\n\n\n\n<li><a href=\"#paraf\">Paraffiner les skis<\/a><\/li>\n\n\n\n<li><a href=\"#boutique\">Produits recommand\u00e9s<\/a><\/li>\n\n\n\n<li><a href=\"#nouveau\">Nouveaux skis<\/a><\/li>\n\n\n\n<li><a href=\"#clean\">Nettoyage de la zone de glisse<\/a><\/li>\n<\/ul>\n\n\n\n<p><\/p>\n\n\n\n<div style=\"height:100px\" aria-hidden=\"true\" class=\"wp-block-spacer\"><\/div>\n\n\n\n<p id=\"general\">Le mat\u00e9riel et la tenue n\u00e9cessitent un entretien correct afin d&rsquo;\u00eatre performant et de tenir dans le temps.<\/p>\n\n\n\n<div class=\"wp-block-buttons is-layout-flex wp-block-buttons-is-layout-flex\">\n<div class=\"wp-block-button\"><a class=\"wp-block-button__link wp-element-button\" href=\"https:\/\/skiclubpaysrochois.com\/blog\/wp-content\/uploads\/2023\/12\/Procedure-fart.pdf\" target=\"_blank\" rel=\"noreferrer noopener\">Conseils entretien des chaussures, tenue, skis<\/a><\/div>\n<\/div>\n\n\n\n<div style=\"height:50px\" aria-hidden=\"true\" class=\"wp-block-spacer\"><\/div>\n\n\n\n<h4 class=\"wp-block-heading\" id=\"defart\">D\u00e9farter les skis de classique<\/h4>\n\n\n\n<figure class=\"wp-block-video\"><video height=\"720\" style=\"aspect-ratio: 1280 \/ 720;\" width=\"1280\" controls src=\"https:\/\/skiclubpaysrochois.com\/blog\/wp-content\/uploads\/2023\/12\/Defartage-classique.mp4\"><\/video><\/figure>\n\n\n\n<p><a href=\"https:\/\/skiclubpaysrochois.com\/blog\/wp-content\/uploads\/2023\/12\/Defartage-classique.mp4\">T\u00e9l\u00e9charger la vid\u00e9o<\/a><\/p>\n\n\n\n<div style=\"height:300px\" aria-hidden=\"true\" class=\"wp-block-spacer\"><\/div>\n\n\n\n<h4 class=\"wp-block-heading\" id=\"paraf\">Paraffiner les skis<\/h4>\n\n\n\n<figure class=\"wp-block-video\"><video height=\"720\" style=\"aspect-ratio: 1280 \/ 720;\" width=\"1280\" controls src=\"https:\/\/skiclubpaysrochois.com\/blog\/wp-content\/uploads\/2023\/12\/Paraffine.mp4\"><\/video><\/figure>\n\n\n\n<p><a href=\"https:\/\/skiclubpaysrochois.com\/blog\/wp-content\/uploads\/2023\/12\/Paraffine.mp4\">T\u00e9l\u00e9charger la vid\u00e9o<\/a><\/p>\n\n\n\n<div style=\"height:300px\" aria-hidden=\"true\" class=\"wp-block-spacer\"><\/div>\n\n\n\n<h4 class=\"wp-block-heading\" id=\"boutique\">Commande de farts et accessoires<\/h4>\n\n\n\n<p>Voici les accessoires les plus utiles (Foyer d&rsquo;Orange) :<\/p>\n\n\n\n<ul class=\"wp-block-list\">\n<li>Essentiel pour faire ses skis : un <a href=\"https:\/\/skiclubpaysrochois.com\/blog\/produit\/racloir-plexi\/\">racloir<\/a>, un <a href=\"https:\/\/skiclubpaysrochois.com\/blog\/produit\/crayon-a-rainure\/\">crayon \u00e0 rainure<\/a>, une <a href=\"https:\/\/skiclubpaysrochois.com\/blog\/produit\/brosse-nylon\/\">brosse<\/a>, et bien s\u00fbr <a href=\"https:\/\/skiclubpaysrochois.com\/blog\/categorie-produit\/fart-accessoires\/farts\/\">les farts<\/a><\/li>\n\n\n\n<li>Pas obligatoire, mais bien utile : du <a href=\"https:\/\/skiclubpaysrochois.com\/blog\/produit\/defarteur\/\">d\u00e9farteur<\/a>, un <a href=\"https:\/\/skiclubpaysrochois.com\/blog\/produit\/affuteur-racloir\/\">aff\u00fbteur<\/a>, des <a href=\"https:\/\/skiclubpaysrochois.com\/blog\/produit\/attaches-skis-paire\/\">attaches<\/a><\/li>\n\n\n\n<li>Si vous n\u2019avez pas d\u2019\u00e9quivalent : une <a href=\"https:\/\/skiclubpaysrochois.com\/blog\/produit\/forme-etau\/\">forme<\/a> (\u00e9tau), un <a href=\"https:\/\/skiclubpaysrochois.com\/blog\/produit\/fer-a-farter\/\">fer \u00e0 farter<\/a>, un <a href=\"https:\/\/skiclubpaysrochois.com\/blog\/produit\/seche-chaussures\/\" target=\"_blank\" rel=\"noreferrer noopener\">s\u00e8che-chaussures<\/a><\/li>\n\n\n\n<li class=\"has-small-font-size\"><a href=\"https:\/\/skiclubpaysrochois.com\/blog\/categorie-produit\/fart-accessoires\/\" target=\"_blank\" rel=\"noreferrer noopener\">Autres produits<\/a> (<em>les catalogues de chaque marque \u00e9tant tr\u00e8s cons\u00e9quent, n\u2019h\u00e9sitez pas \u00e0 envoyer un message \u00e0 Christophe pour un autre produit, celui-ci sera ajout\u00e9 \u00e0 la boutique<\/em>)<\/li>\n<\/ul>\n\n\n\n<div style=\"height:300px\" aria-hidden=\"true\" class=\"wp-block-spacer\"><\/div>\n\n\n\n<h4 class=\"wp-block-heading\" id=\"nouveau\">Nouveaux skis<\/h4>\n\n\n\n<p>Les skis neufs ou revenant de structure usine doivent suivre un protocole particulier :<\/p>\n\n\n\n<ol class=\"wp-block-list\">\n<li>Racler la couche de paraffine de protection<\/li>\n\n\n\n<li>Effectuer un <a href=\"https:\/\/skiclubpaysrochois.com\/blog\/entretien-du-materiel\/#clean\">nettoyage \u00ab\u00a0de glisse\u00a0\u00bb<\/a> de la semelle<\/li>\n\n\n\n<li><a href=\"https:\/\/skiclubpaysrochois.com\/blog\/entretien-du-materiel\/#paraf\">Paraffiner<\/a> les skis 2 \u00e0 3 reprises avec un fart froid (violet par exemple)<\/li>\n<\/ol>\n\n\n\n<div style=\"height:300px\" aria-hidden=\"true\" class=\"wp-block-spacer\"><\/div>\n\n\n\n<h4 class=\"wp-block-heading\" id=\"clean\">Nettoyage de la zone de glisse<\/h4>\n\n\n\n<p>\u00c9tape importante pour nettoyer votre ski avant de le paraffiner<\/p>\n\n\n\n<p>Le nettoyant est selon les marques appel\u00e9 \u00ab\u00a0Fluorclean\u00a0\u00bb, \u00ab\u00a0Glide cleaner\u00a0\u00bb, \u00ab\u00a0Racing wax remover\u00a0\u00bb&#8230; Il contient des solvants, pensez \u00e0 bien a\u00e9rer la pi\u00e8ce et \u00e9ventuellement porter un masque FFP3 si vous faites de nombreuses paires<\/p>\n\n\n\n<p>Le produit s&rsquo;\u00e9vapore vite, y compris dans un applicateur<\/p>\n\n\n\n<figure class=\"wp-block-video\"><video height=\"720\" style=\"aspect-ratio: 1280 \/ 720;\" width=\"1280\" controls src=\"https:\/\/skiclubpaysrochois.com\/blog\/wp-content\/uploads\/2025\/10\/fluorclean.mp4\"><\/video><\/figure>\n\n\n\n<p><a href=\"https:\/\/skiclubpaysrochois.com\/blog\/wp-content\/uploads\/2025\/10\/fluorclean.mp4\">T\u00e9l\u00e9charger la vid\u00e9o<\/a><\/p>\n\n\n\n<div style=\"height:300px\" aria-hidden=\"true\" class=\"wp-block-spacer\"><\/div>\n","protected":false},"excerpt":{"rendered":"<p>Sommaire Le mat\u00e9riel et la tenue n\u00e9cessitent un entretien correct afin d&rsquo;\u00eatre performant et de tenir dans le temps. D\u00e9farter les skis de classique T\u00e9l\u00e9charger la vid\u00e9o Paraffiner les skis T\u00e9l\u00e9charger la vid\u00e9o Commande de farts et accessoires Voici les accessoires les plus utiles (Foyer d&rsquo;Orange) : Nouveaux skis Les skis neufs ou revenant de [&hellip;]<\/p>\n","protected":false},"author":1,"featured_media":0,"parent":0,"menu_order":0,"comment_status":"closed","ping_status":"closed","template":"","meta":{"footnotes":""},"class_list":["post-11942","page","type-page","status-publish","hentry"],"_links":{"self":[{"href":"https:\/\/skiclubpaysrochois.com\/blog\/wp-json\/wp\/v2\/pages\/11942","targetHints":{"allow":["GET"]}}],"collection":[{"href":"https:\/\/skiclubpaysrochois.com\/blog\/wp-json\/wp\/v2\/pages"}],"about":[{"href":"https:\/\/skiclubpaysrochois.com\/blog\/wp-json\/wp\/v2\/types\/page"}],"author":[{"embeddable":true,"href":"https:\/\/skiclubpaysrochois.com\/blog\/wp-json\/wp\/v2\/users\/1"}],"replies":[{"embeddable":true,"href":"https:\/\/skiclubpaysrochois.com\/blog\/wp-json\/wp\/v2\/comments?post=11942"}],"version-history":[{"count":20,"href":"https:\/\/skiclubpaysrochois.com\/blog\/wp-json\/wp\/v2\/pages\/11942\/revisions"}],"predecessor-version":[{"id":13506,"href":"https:\/\/skiclubpaysrochois.com\/blog\/wp-json\/wp\/v2\/pages\/11942\/revisions\/13506"}],"wp:attachment":[{"href":"https:\/\/skiclubpaysrochois.com\/blog\/wp-json\/wp\/v2\/media?parent=11942"}],"curies":[{"name":"wp","href":"https:\/\/api.w.org\/{rel}","templated":true}]}}